{"id":10444,"date":"2020-02-24T12:43:13","date_gmt":"2020-02-24T10:43:13","guid":{"rendered":"http:\/\/deokairo.com\/schulstruktur\/schulordnung\/"},"modified":"2020-04-07T13:23:17","modified_gmt":"2020-04-07T13:23:17","slug":"schulordnung","status":"publish","type":"page","link":"https:\/\/deokairo.com\/ar\/schulstruktur\/schulordnung\/","title":{"rendered":"Schulordnung"},"content":{"rendered":"<div class=\"wpb-content-wrapper\"><h1>Schulordnung<\/h1><p>[vc_row][vc_column][vc_column_text]<\/p>\n<h4>Bestimmungen der DEO- Schulordnung<\/h4>\n<p>Zusammengestellt f\u00fcr Eltern und Sch\u00fcler (Stand: Dezember 2014)<\/p>\n<p>Diese aktuelle Zusammenstellung, in die alle Konferenzbeschl\u00fcsse bis zum 1. Dezember 2014 eingearbeitet sind, enth\u00e4lt die f\u00fcr Eltern und Sch\u00fcler in der Schulpraxis wichtigen und wesentlichen Bestimmungen der DEO-Schulordnung, die vom zust\u00e4ndigen schulischen Gremium, dem Schulausschuss, in Kraft gesetzt worden sind.<\/p>\n<p>&nbsp;<\/p>\n<h4>Inhaltsverzeichnis<\/h4>\n<ul>\n<li>Leitbild<\/li>\n<li>Stundentafel<\/li>\n<li>Schulordnung<\/li>\n<li>Hausordnung<\/li>\n<li>Besucherregelung<\/li>\n<li>Ordnungsma\u00dfnahmen<\/li>\n<li>Haupt und Realsch\u00fcler<\/li>\n<li>Klassenarbeiten und Tests<\/li>\n<li>Leistungsbewertung und Benotung<\/li>\n<li>Versetzungsordnung<\/li>\n<li>Abiturpr\u00fcfung<\/li>\n<li>Mitwirkung<\/li>\n<li>Klassenfahrten<\/li>\n<li>Vers\u00e4umnisse und Versp\u00e4tungen<\/li>\n<\/ul>\n<p>[\/vc_column_text][\/vc_column][\/vc_row]<\/p>\n<\/div>","protected":false},"excerpt":{"rendered":"<p>Schulordnung[vc_row][vc_column][vc_column_text] Bestimmungen der DEO- Schulordnung Zusammengestellt f\u00fcr Eltern und Sch\u00fcler (Stand: Dezember 2014) Diese aktuelle Zusammenstellung, in die alle Konferenzbeschl\u00fcsse bis zum 1. Dezember 2014 eingearbeitet sind, enth\u00e4lt die f\u00fcr Eltern und Sch\u00fcler in der Schulpraxis wichtigen und wesentlichen Bestimmungen der DEO-Schulordnung, die vom zust\u00e4ndigen schulischen Gremium, dem Schulausschuss, in Kraft gesetzt worden sind. &nbsp; [&hellip;]<\/p>\n","protected":false},"author":1,"featured_media":0,"parent":7752,"menu_order":359,"comment_status":"closed","ping_status":"closed","template":"","meta":{"footnotes":""},"class_list":["post-10444","page","type-page","status-publish","hentry"],"_links":{"self":[{"href":"https:\/\/deokairo.com\/ar\/wp-json\/wp\/v2\/pages\/10444","targetHints":{"allow":["GET"]}}],"collection":[{"href":"https:\/\/deokairo.com\/ar\/wp-json\/wp\/v2\/pages"}],"about":[{"href":"https:\/\/deokairo.com\/ar\/wp-json\/wp\/v2\/types\/page"}],"author":[{"embeddable":true,"href":"https:\/\/deokairo.com\/ar\/wp-json\/wp\/v2\/users\/1"}],"replies":[{"embeddable":true,"href":"https:\/\/deokairo.com\/ar\/wp-json\/wp\/v2\/comments?post=10444"}],"version-history":[{"count":1,"href":"https:\/\/deokairo.com\/ar\/wp-json\/wp\/v2\/pages\/10444\/revisions"}],"predecessor-version":[{"id":10445,"href":"https:\/\/deokairo.com\/ar\/wp-json\/wp\/v2\/pages\/10444\/revisions\/10445"}],"up":[{"embeddable":true,"href":"https:\/\/deokairo.com\/ar\/wp-json\/wp\/v2\/pages\/7752"}],"wp:attachment":[{"href":"https:\/\/deokairo.com\/ar\/wp-json\/wp\/v2\/media?parent=10444"}],"curies":[{"name":"wp","href":"https:\/\/api.w.org\/{rel}","templated":true}]}}