{"id":11346,"date":"2020-05-15T11:14:58","date_gmt":"2020-05-15T11:14:58","guid":{"rendered":"http:\/\/deokairo.com\/schulangebote\/sozialkomitee\/ueber-uns\/spenden\/"},"modified":"2020-10-05T16:54:33","modified_gmt":"2020-10-05T16:54:33","slug":"spenden","status":"publish","type":"page","link":"https:\/\/deokairo.com\/ar\/schulangebote\/sozialkomitee\/ueber-uns\/spenden\/","title":{"rendered":"Spenden"},"content":{"rendered":"<div class=\"wpb-content-wrapper\"><h1>Spenden<\/h1><p>[vc_row][vc_column width=&#8221;1\/2&#8243;][vc_column_text]<\/p>\n<div id=\"c542\" class=\"csc-default\">\n<div class=\"csc-header csc-header-n1\">\n<h4 class=\"csc-firstHeader\">Wie wir an Geld kommen:<\/h4>\n<\/div>\n<ul class=\"csc-bulletlist csc-bulletlist-0\">\n<li>Verkauf von Essen und Getr\u00e4nken (an Schulveranstaltungen und Elternsprechtagen)<\/li>\n<li>Herstellung und Verkauf von gedruckten Stofftaschen<\/li>\n<li>Verkauf von Sch\u00fclern entworfener Weihnachtskarten<\/li>\n<li>Flohmarkt, Verkauf von gespendeten Kuchen<\/li>\n<li>Privatspenden von Eltern, ehemaligen Sch\u00fclern, Lehrern<\/li>\n<li>Informationsnachmittage zu einzelnen Projekten<\/li>\n<li>Weihnachtsbazar Verkauf von Handarbeiten aus den Kinderheimen<\/li>\n<\/ul>\n<\/div>\n<p>[\/vc_column_text][\/vc_column][vc_column width=&#8221;1\/2&#8243;][vc_single_image image=&#8221;11159&#8243; img_size=&#8221;medium&#8221; style=&#8221;vc_box_outline_circle&#8221; border_color=&#8221;orange&#8221;][\/vc_column][\/vc_row][vc_row][vc_column][vc_column_text]<\/p>\n<div class=\"csc-header csc-header-n2\">\n<h4>Wie Sie spenden k\u00f6nnen:<\/h4>\n<\/div>\n<p>[\/vc_column_text][\/vc_column][\/vc_row][vc_row][vc_column][vc_column_text]<\/p>\n<p class=\"bodytext\">Per \u00dcberweisung auf unser Konto in Deutschland. Das Geld wird uns von<\/p>\n<p class=\"bodytext\">der Schulkasse weitergeleitet und umgetauscht.<\/p>\n<p class=\"bodytext\"><strong>Kontoinhaber:<\/strong> Deutsche Evangelische Oberschule Kairo<\/p>\n<p class=\"bodytext\"><strong>Bank:\u00a0\u00a0\u00a0\u00a0\u00a0\u00a0\u00a0<\/strong> \u00a0\u00a0\u00a0 \u00a0\u00a0\u00a0 Commerzbank Frankfurt<\/p>\n<p class=\"bodytext\"><strong>IBAN:\u00a0\u00a0\u00a0\u00a0\u00a0\u00a0<\/strong> \u00a0\u00a0 \u00a0 \u00a0\u00a0\u00a0 DE85 500 800 00 00155 251 00<\/p>\n<p>&nbsp;<\/p>\n<p>&nbsp;<\/p>\n<p>[\/vc_column_text][\/vc_column][\/vc_row]<\/p>\n<\/div>","protected":false},"excerpt":{"rendered":"<p>Spenden[vc_row][vc_column width=&#8221;1\/2&#8243;][vc_column_text] Wie wir an Geld kommen: Verkauf von Essen und Getr\u00e4nken (an Schulveranstaltungen und Elternsprechtagen) Herstellung und Verkauf von gedruckten Stofftaschen Verkauf von Sch\u00fclern entworfener Weihnachtskarten Flohmarkt, Verkauf von gespendeten Kuchen Privatspenden von Eltern, ehemaligen Sch\u00fclern, Lehrern Informationsnachmittage zu einzelnen Projekten Weihnachtsbazar Verkauf von Handarbeiten aus den Kinderheimen [\/vc_column_text][\/vc_column][vc_column width=&#8221;1\/2&#8243;][vc_single_image image=&#8221;11159&#8243; img_size=&#8221;medium&#8221; style=&#8221;vc_box_outline_circle&#8221; border_color=&#8221;orange&#8221;][\/vc_column][\/vc_row][vc_row][vc_column][vc_column_text] [&hellip;]<\/p>\n","protected":false},"author":3,"featured_media":0,"parent":11345,"menu_order":316,"comment_status":"closed","ping_status":"closed","template":"","meta":{"footnotes":""},"class_list":["post-11346","page","type-page","status-publish","hentry"],"_links":{"self":[{"href":"https:\/\/deokairo.com\/ar\/wp-json\/wp\/v2\/pages\/11346","targetHints":{"allow":["GET"]}}],"collection":[{"href":"https:\/\/deokairo.com\/ar\/wp-json\/wp\/v2\/pages"}],"about":[{"href":"https:\/\/deokairo.com\/ar\/wp-json\/wp\/v2\/types\/page"}],"author":[{"embeddable":true,"href":"https:\/\/deokairo.com\/ar\/wp-json\/wp\/v2\/users\/3"}],"replies":[{"embeddable":true,"href":"https:\/\/deokairo.com\/ar\/wp-json\/wp\/v2\/comments?post=11346"}],"version-history":[{"count":3,"href":"https:\/\/deokairo.com\/ar\/wp-json\/wp\/v2\/pages\/11346\/revisions"}],"predecessor-version":[{"id":13958,"href":"https:\/\/deokairo.com\/ar\/wp-json\/wp\/v2\/pages\/11346\/revisions\/13958"}],"up":[{"embeddable":true,"href":"https:\/\/deokairo.com\/ar\/wp-json\/wp\/v2\/pages\/11345"}],"wp:attachment":[{"href":"https:\/\/deokairo.com\/ar\/wp-json\/wp\/v2\/media?parent=11346"}],"curies":[{"name":"wp","href":"https:\/\/api.w.org\/{rel}","templated":true}]}}