{"id":11354,"date":"2020-05-11T14:18:54","date_gmt":"2020-05-11T14:18:54","guid":{"rendered":"http:\/\/deokairo.com\/schulstruktur\/faecher\/mathematik\/operatoren\/"},"modified":"2020-05-21T13:40:32","modified_gmt":"2020-05-21T13:40:32","slug":"operatoren","status":"publish","type":"page","link":"https:\/\/deokairo.com\/ar\/schulstruktur\/faecher\/mathematik\/operatoren\/","title":{"rendered":"Operatoren"},"content":{"rendered":"<div class=\"wpb-content-wrapper\"><h1>Operatoren<\/h1><p>[vc_row][vc_column][vc_column_text]In der Regel k\u00f6nnen Operatoren je nach Zusammenhang und unterrichtlichem Vorlauf in jeden der drei Anforderungsbereiche (AFB) eingeordnet werden; hier soll der \u00fcberwiegend in Betracht kommende Anforderungsbereich genannt werden. Die erwarteten Leistungen k\u00f6nnen durch zus\u00e4tzliche Angabe in der Aufgabenstellung pr\u00e4zisiert werden.<\/p>\n<p>&nbsp;<\/p>\n<table width=\"659\">\n<tbody>\n<tr>\n<td width=\"121\"><strong>Operator <\/strong><\/td>\n<td width=\"293\"><strong>Definition <\/strong><\/td>\n<td width=\"246\"><strong>Beispiel <\/strong><\/td>\n<\/tr>\n<tr>\n<td colspan=\"2\" width=\"414\">\n<p><strong>Anforderungsbereich I <\/strong><\/p>\n<p>&nbsp;<\/td>\n<td width=\"246\"><\/td>\n<\/tr>\n<\/tbody>\n<\/table>\n<p>&nbsp;<\/p>\n<table width=\"659\">\n<tbody>\n<tr>\n<td width=\"121\">angeben, nennen<\/td>\n<td width=\"293\">\n<p>Objekte, Sachverhalte, Begriffe oder<\/p>\n<p>Daten ohne n\u00e4here Erl\u00e4uterungen,<\/p>\n<p>Begr\u00fcndungen und ohne Darstellung von L\u00f6sungsans\u00e4tzen oder L\u00f6sungswegen aufz\u00e4hlen<\/td>\n<td width=\"246\">Geben Sie drei Punkte an, die in der Ebene e liegen.<\/td>\n<\/tr>\n<tr>\n<td width=\"121\">beschreiben<\/td>\n<td width=\"293\">Strukturen, Sachverhalte oder Verfahren in eigenen Worten unter Ber\u00fccksichtigung der Fachsprache sprachlich angemessen wiedergeben<\/td>\n<td width=\"246\">Beschreiben Sie den Verlauf des Graphen von f im Diagramm. Beschreiben Sie Ihren L\u00f6sungsweg.<\/td>\n<\/tr>\n<tr>\n<td width=\"121\">belegen<\/td>\n<td width=\"293\">die G\u00fcltigkeit einer Aussage anhand eines Beispiels veranschaulichen<\/td>\n<td width=\"246\">Belegen Sie, dass es Funktionen mit der geforderten Eigenschaft gibt.<\/td>\n<\/tr>\n<tr>\n<td width=\"121\">erstellen<\/td>\n<td width=\"293\">\n<p>Sachverhalte, Zusammenh\u00e4nge,<\/p>\n<p>Methoden oder Daten in \u00fcbersichtlicher, fachlich sachgerechter oder vorgegebener Form darstellen<\/td>\n<td width=\"246\">Erstellen Sie eine Wertetabelle der Wahrscheinlichkeitsverteilung.<\/td>\n<\/tr>\n<tr>\n<td width=\"121\">vereinfachen<\/td>\n<td width=\"293\">komplexe Terme oder Gleichungen auf eine Grundform oder eine leichter weiter zu verarbeitende Form bringen<\/td>\n<td width=\"246\">\n<p>Vereinfachen Sie den<\/p>\n<p>Funktionsterm der<\/p>\n<p>Ableitungsfunktion so weit wie m\u00f6glich.<\/td>\n<\/tr>\n<tr>\n<td width=\"121\">zeichnen, graphisch darstellen<\/td>\n<td width=\"293\">eine ma\u00dfst\u00e4blich hinreichend exakte graphische Darstellung anfertigen<\/td>\n<td width=\"246\">Zeichnen Sie den Graphen von f in ein Koordinatensystem mit geeigneten L\u00e4ngeneinheiten.<\/td>\n<\/tr>\n<\/tbody>\n<\/table>\n<p>&nbsp;<\/p>\n<table width=\"659\">\n<tbody>\n<tr>\n<td width=\"121\"><strong>Operator <\/strong><\/td>\n<td width=\"293\"><strong>Definition <\/strong><\/td>\n<td width=\"246\"><strong>Beispiel <\/strong><\/td>\n<\/tr>\n<tr>\n<td colspan=\"2\" width=\"414\">\n<p><strong>Anforderungsbereich II<\/strong><\/p>\n<p>&nbsp;<\/td>\n<td width=\"246\"><\/td>\n<\/tr>\n<\/tbody>\n<\/table>\n<p>&nbsp;<\/p>\n<table width=\"659\">\n<tbody>\n<tr>\n<td width=\"121\">anwenden<\/td>\n<td width=\"293\">eine bekannte Methode auf eine neue Problemstellung beziehen<\/td>\n<td width=\"246\">Wenden Sie das Verfahren der Polynomdivision an.<\/td>\n<\/tr>\n<tr>\n<td width=\"121\">begr\u00fcnden<\/td>\n<td width=\"293\">\n<p>Sachverhalte unter Nutzung von Regeln und mathematischen Beziehungen auf<\/p>\n<p>Gesetzm\u00e4\u00dfigkeiten bzw. kausale<\/p>\n<p>Zusammenh\u00e4nge zur\u00fcckf\u00fchren<\/td>\n<td width=\"246\">Begr\u00fcnden Sie, dass die Funktion f mindestens einen Wendepunkt hat.<\/td>\n<\/tr>\n<tr>\n<td width=\"121\">berechnen<\/td>\n<td width=\"293\">Ergebnisse von einem Ansatz ausgehend durch Rechenoperationen gewinnen; gelernte Algorithmen ausf\u00fchren<\/td>\n<td width=\"246\">\n<p>Berechnen Sie die<\/p>\n<p>Wahrscheinlichkeit des Ereignisses A.<\/td>\n<\/tr>\n<tr>\n<td width=\"121\">bestimmen, ermitteln<\/td>\n<td width=\"293\">Zusammenh\u00e4nge oder L\u00f6sungswege aufzeigen und unter Angabe von Zwischenschritten die Ergebnisse formulieren<\/td>\n<td width=\"246\">Bestimmen Sie die Anzahl der Nullstellen von f in Abh\u00e4ngigkeit vom Parameter k.<\/td>\n<\/tr>\n<tr>\n<td width=\"121\">darstellen<\/td>\n<td width=\"293\">\n<p>Sachverhalte, Zusammenh\u00e4nge,<\/p>\n<p>Methoden oder Verfahren in fachtypischer<\/p>\n<p>Weise strukturiert wiedergeben<\/td>\n<td width=\"246\">Stellen Sie die Beziehung zwischen den Werten der Integralfunktion und dem Verlauf des Graphen von f dar.<\/td>\n<\/tr>\n<tr>\n<td width=\"121\">entscheiden<\/td>\n<td width=\"293\">sich bei Alternativen eindeutig und begr\u00fcndet auf eine M\u00f6glichkeit festlegen<\/td>\n<td width=\"246\">Entscheiden Sie, welche der Geraden die Tangente an den Graphen im Punkt P ist.<\/td>\n<\/tr>\n<tr>\n<td width=\"121\">erkl\u00e4ren<\/td>\n<td width=\"293\">Sachverhalte mit Hilfe eigener Kenntnisse verst\u00e4ndlich und nachvollziehbar machen und begr\u00fcndet in Zusammenh\u00e4nge einordnen<\/td>\n<td width=\"246\">Erkl\u00e4ren Sie das Auftreten der beiden L\u00f6sungen.<\/td>\n<\/tr>\n<\/tbody>\n<\/table>\n<p>&nbsp;<\/p>\n<table width=\"659\">\n<tbody>\n<tr>\n<td width=\"121\">erl\u00e4utern<\/td>\n<td width=\"293\">einen Sachverhalt durch zus\u00e4tzliche Informationen veranschaulichen<\/td>\n<td width=\"246\">Erl\u00e4utern Sie die Aussage des Satzes anhand eines Beispiels.<\/td>\n<\/tr>\n<tr>\n<td width=\"121\">gliedern<\/td>\n<td width=\"293\">Sachverhalte unter Benennung des verwendeten Ordnungsschemas in mehrere Bereiche aufteilen<\/td>\n<td width=\"246\">Gliedern Sie den von Ihnen entwickelten L\u00f6sungsweg.<\/td>\n<\/tr>\n<tr>\n<td width=\"121\">herleiten<\/td>\n<td width=\"293\">die Entstehung oder Entwicklung von gegebenen oder beschriebenen Sachverhalten oder Gleichungen aus anderen Sachverhalten darstellen<\/td>\n<td width=\"246\">Leiten Sie die gegebene Funktionsgleichung der Stammfunktion her.<\/td>\n<\/tr>\n<tr>\n<td width=\"121\">interpretieren, deuten<\/td>\n<td width=\"293\">Ph\u00e4nomene, Strukturen oder Ergebnisse auf Erkl\u00e4rungsm\u00f6glichkeiten untersuchen und diese unter Bezug auf eine gegebene Fragestellung abw\u00e4gen<\/td>\n<td width=\"246\">Bestimmen Sie das Integral und interpretieren Sie den Zahlenwert geometrisch.<\/td>\n<\/tr>\n<tr>\n<td width=\"121\">pr\u00fcfen<\/td>\n<td width=\"293\">Fragestellungen, Sachverhalte, Probleme nach bestimmten fachlich \u00fcblichen bzw. sinnvollen Kriterien bearbeiten<\/td>\n<td width=\"246\">Pr\u00fcfen Sie, ob die beiden Graphen Ber\u00fchrpunkte haben.<\/td>\n<\/tr>\n<tr>\n<td width=\"121\">skizzieren<\/td>\n<td width=\"293\">\n<p>die wesentlichen Eigenschaften eines Objektes, eines Sachverhaltes oder einer<\/p>\n<p>Struktur graphisch (eventuell auch als<\/p>\n<p>Freihandskizze) darstellen<\/td>\n<td width=\"246\">\n<p>Skizzieren Sie f\u00fcr die<\/p>\n<p>Parameterwerte -1, 0 und 1 die Graphen der jeweiligen Funktionen<\/p>\n<p>in ein gemeinsames Koordinatensystem.<\/td>\n<\/tr>\n<tr>\n<td width=\"121\">untersuchen<\/td>\n<td width=\"293\">\n<p>Eigenschaften von Objekten oder<\/p>\n<p>Beziehungen zwischen Objekten anhand fachlicher Kriterien nachweisen<\/td>\n<td width=\"246\">Untersuchen Sie die Lagebeziehung der beiden Geraden.<\/td>\n<\/tr>\n<tr>\n<td width=\"121\">vergleichen<\/td>\n<td width=\"293\">Gemeinsamkeiten, \u00c4hnlichkeiten und Unterschiede darstellen<\/td>\n<td width=\"246\">Vergleichen Sie die beiden L\u00f6sungsverfahren.<\/td>\n<\/tr>\n<tr>\n<td width=\"121\">zeigen, nachweisen<\/td>\n<td width=\"293\">\n<p>Aussagen unter Nutzung von g\u00fcltigen<\/p>\n<p>Schlussregeln, Berechnungen,<\/p>\n<p>Herleitungen oder logischen<\/p>\n<p>Begr\u00fcndungen best\u00e4tigen<\/td>\n<td width=\"246\">Zeigen Sie, dass die beiden gefundenen Vektoren orthogonal sind.<\/td>\n<\/tr>\n<\/tbody>\n<\/table>\n<p><strong>\u00a0<\/strong><\/p>\n<table width=\"659\">\n<tbody>\n<tr>\n<td width=\"121\"><strong>Operator <\/strong><\/td>\n<td width=\"293\"><strong>Definition <\/strong><\/td>\n<td width=\"246\"><strong>Beispiel <\/strong><\/td>\n<\/tr>\n<tr>\n<td colspan=\"2\" width=\"414\">\n<p><strong>Anforderungsbereich III<\/strong><\/p>\n<p>&nbsp;<\/td>\n<td width=\"246\"><\/td>\n<\/tr>\n<\/tbody>\n<\/table>\n<p>&nbsp;<\/p>\n<table width=\"659\">\n<tbody>\n<tr>\n<td width=\"121\">auswerten<\/td>\n<td width=\"293\">\n<p>Daten, Einzelergebnisse oder andere Elemente in einen Zusammenhang stellen, ggf. zu einer Gesamtaussage<\/p>\n<p>zusammenf\u00fchren und Schlussfolgerungen ziehen<\/td>\n<td width=\"246\">Werten Sie die Ergebnisse in Abh\u00e4ngigkeit vom Parameter k aus.<\/td>\n<\/tr>\n<tr>\n<td width=\"121\">beurteilen, bewerten<\/td>\n<td width=\"293\">\n<p>zu Sachverhalten eine selbstst\u00e4ndige<\/p>\n<p>Einsch\u00e4tzung unter Verwendung von Fachwissen und Fachmethoden formulieren und begr\u00fcnden<\/td>\n<td width=\"246\">Beurteilen Sie das beschriebene Verfahren zur n\u00e4herungsweisen Bestimmung der Extremstelle.<\/td>\n<\/tr>\n<tr>\n<td width=\"121\">beweisen<\/td>\n<td width=\"293\">Aussagen im mathematischen Sinne ausgehend von Voraussetzungen unter Verwendung von bekannten S\u00e4tzen und von logischen Schl\u00fcssen verifizieren<\/td>\n<td width=\"246\">Beweisen Sie, dass die Diagonalen eines Parallelogramms einander halbieren.<\/td>\n<\/tr>\n<tr>\n<td width=\"121\">verallgemeinern<\/td>\n<td width=\"293\">aus einem beispielhaft erkannten Sachverhalt eine erweiterte Aussage formulieren<\/td>\n<td width=\"246\">Verallgemeinern Sie die f\u00fcr die unterschiedlichen Parameter gezeigten Eigenschaften.<\/td>\n<\/tr>\n<tr>\n<td width=\"121\">widerlegen<\/td>\n<td width=\"293\">Aussagen im mathematischen Sinne unter Verwendung von logischen Schl\u00fcssen, ggf. durch ein Gegenbeispiel falsifizieren<\/td>\n<td width=\"246\">Widerlegen Sie die folgende Behauptung<\/td>\n<\/tr>\n<tr>\n<td width=\"121\">\n<p>zusammen-<\/p>\n<p>fassen<\/td>\n<td width=\"293\">\n<p>den inhaltlichen Kern unter<\/p>\n<p>Vernachl\u00e4ssigung unwesentlicher Details wiedergeben<\/td>\n<td width=\"246\">\n<p>Fassen Sie die Eigenschaften der Funktionen dieser Schar\u00a0 zusammen<\/p>\n<p>&nbsp;<\/td>\n<\/tr>\n<\/tbody>\n<\/table>\n<p>[\/vc_column_text][\/vc_column][\/vc_row]<\/p>\n<\/div>","protected":false},"excerpt":{"rendered":"<p>Operatoren[vc_row][vc_column][vc_column_text]In der Regel k\u00f6nnen Operatoren je nach Zusammenhang und unterrichtlichem Vorlauf in jeden der drei Anforderungsbereiche (AFB) eingeordnet werden; hier soll der \u00fcberwiegend in Betracht kommende Anforderungsbereich genannt werden. Die erwarteten Leistungen k\u00f6nnen durch zus\u00e4tzliche Angabe in der Aufgabenstellung pr\u00e4zisiert werden. &nbsp; Operator Definition Beispiel Anforderungsbereich I &nbsp; &nbsp; angeben, nennen Objekte, Sachverhalte, Begriffe oder [&hellip;]<\/p>\n","protected":false},"author":1,"featured_media":0,"parent":10438,"menu_order":0,"comment_status":"closed","ping_status":"closed","template":"","meta":{"footnotes":""},"class_list":["post-11354","page","type-page","status-publish","hentry"],"_links":{"self":[{"href":"https:\/\/deokairo.com\/ar\/wp-json\/wp\/v2\/pages\/11354","targetHints":{"allow":["GET"]}}],"collection":[{"href":"https:\/\/deokairo.com\/ar\/wp-json\/wp\/v2\/pages"}],"about":[{"href":"https:\/\/deokairo.com\/ar\/wp-json\/wp\/v2\/types\/page"}],"author":[{"embeddable":true,"href":"https:\/\/deokairo.com\/ar\/wp-json\/wp\/v2\/users\/1"}],"replies":[{"embeddable":true,"href":"https:\/\/deokairo.com\/ar\/wp-json\/wp\/v2\/comments?post=11354"}],"version-history":[{"count":1,"href":"https:\/\/deokairo.com\/ar\/wp-json\/wp\/v2\/pages\/11354\/revisions"}],"predecessor-version":[{"id":11355,"href":"https:\/\/deokairo.com\/ar\/wp-json\/wp\/v2\/pages\/11354\/revisions\/11355"}],"up":[{"embeddable":true,"href":"https:\/\/deokairo.com\/ar\/wp-json\/wp\/v2\/pages\/10438"}],"wp:attachment":[{"href":"https:\/\/deokairo.com\/ar\/wp-json\/wp\/v2\/media?parent=11354"}],"curies":[{"name":"wp","href":"https:\/\/api.w.org\/{rel}","templated":true}]}}