{"id":22153,"date":"2023-03-19T13:45:01","date_gmt":"2023-03-19T11:45:01","guid":{"rendered":"https:\/\/deokairo.com\/schulstruktur\/faecher\/mathematik\/%d9%85%d8%b9%d8%a7%d9%8a%d9%8a%d8%b1-%d9%84%d8%aa%d9%82%d9%8a%d9%8a%d9%85-%d8%a7%d9%84%d8%a3%d8%af%d8%a7%d8%a1-%d9%81%d9%8a-%d9%85%d8%a7%d8%af%d8%a9-%d8%a7%d9%84%d8%b1%d9%8a%d8%a7%d8%b6%d9%8a%d8%a7\/"},"modified":"2023-03-19T20:11:48","modified_gmt":"2023-03-19T18:11:48","slug":"vortrag-von-andreas-beckers-gruener-wasserstoff-zusammenarbeit-zwischen-aegypten-und-deutschland-im-energiesektor","status":"publish","type":"page","link":"https:\/\/deokairo.com\/ar\/aktuelles\/150-jahre-deo-unser-festjahr-2023\/vortrag-von-andreas-beckers-gruener-wasserstoff-zusammenarbeit-zwischen-aegypten-und-deutschland-im-energiesektor\/","title":{"rendered":"Vortrag von Andreas Beckers: Gr\u00fcner Wasserstoff \/ Zusammenarbeit zwischen \u00c4gypten und Deutschland im Energiesektor"},"content":{"rendered":"<div class=\"wpb-content-wrapper\"><h1>Vortrag von Andreas Beckers: Gr\u00fcner Wasserstoff \/ Zusammenarbeit zwischen \u00c4gypten und Deutschland im Energiesektor<\/h1><p>[vc_row][vc_column][\/vc_column][\/vc_row][vc_row][vc_column][vc_column_text]Meine Erwartung war, dass ich etwas Neues lernen werde, weil ich mich f\u00fcr die Naturwissenschaften interessiere. Au\u00dferdem interessiert mich der Bereich der erneuerbaren Energien. Der Vortrag war sehr interessant mit der ppt. Es war leichter, in einer Diskussion zu lernen, als wenn man etwas liest. Die Verfahren kennen zu lernen, wie Wasserstoff genutzt wird und wie man daraus Energie erzeugt, war sehr interessant. Es zeigte uns, dass die Natur viel nutzbares Potenzial hat und dass man viel Energie aus der Umwelt holen kann.<\/p>\n<p>Auf dem Podium zu sitzen und zu diskutieren, war eine interessante Erfahrung, denn zuerst f\u00fchlten wir uns im Blick aller G\u00e4ste. Sp\u00e4ter wurde es wie ein pers\u00f6nliches Gespr\u00e4ch in einer kleinen Runde und wir nahmen die G\u00e4ste um uns kaum mehr wahr.<\/p>\n<p>Die Vorstellung, dass im Jahr 2050 die Klimaneutralit\u00e4t angestrebt wird, hat mir gezeigt, dass ich selbst in den kommenden Jahren mithelfen kann, damit es Fortschritte in dieser Entwicklung gibt. Ich habe mitgenommen, dass \u00c4gypten ein gro\u00dfes Potenzial f\u00fcr erneuerbare Energien hat. Ich habe verstanden, dass die Zusammenarbeit im Bereich der Systeme und der Vorgehensweisen mit Deutschland wichtig ist und dass man die Energie effizient nutzen kann. Es hat mir eine Idee gegeben, was man in \u00c4gypten ver\u00e4ndern kann.<\/p>\n<p>Es war spannend, mit dem CEO zu sprechen. Er hat uns einen besseren Blick auf die Zukunft und das Potenzial von \u00c4gypten gegeben. Es war auch interessant, dass er \u00fcber sein Studium berichtet hat, denn wir bewerben uns gerade an Unis. Wir haben gelernt, dass man mit fast allen Studienf\u00e4chern in den Bereich der erneuerbaren Energie einsteigen kann, auch als Informatiker, und nicht nur mit Ingenieurstudieng\u00e4ngen.<\/p>\n<p>Zena Samaha und Youssef Almaraghi[\/vc_column_text][vc_column_text]<\/p>\n<h5>Fotogalerie<\/h5>\n<p>[\/vc_column_text][vc_gallery interval=&#8221;3&#8243; images=&#8221;23054,23058,23060,23062,23064,23056&#8243; img_size=&#8221;large&#8221;][\/vc_column][\/vc_row]<\/p>\n<\/div>","protected":false},"excerpt":{"rendered":"<p>Vortrag von Andreas Beckers: Gr\u00fcner Wasserstoff \/ Zusammenarbeit zwischen \u00c4gypten und Deutschland im Energiesektor[vc_row][vc_column][\/vc_column][\/vc_row][vc_row][vc_column][vc_column_text]Meine Erwartung war, dass ich etwas Neues lernen werde, weil ich mich f\u00fcr die Naturwissenschaften interessiere. Au\u00dferdem interessiert mich der Bereich der erneuerbaren Energien. Der Vortrag war sehr interessant mit der ppt. Es war leichter, in einer Diskussion zu lernen, als wenn [&hellip;]<\/p>\n","protected":false},"author":3,"featured_media":0,"parent":21922,"menu_order":51,"comment_status":"closed","ping_status":"closed","template":"","meta":{"footnotes":""},"class_list":["post-22153","page","type-page","status-publish","hentry"],"_links":{"self":[{"href":"https:\/\/deokairo.com\/ar\/wp-json\/wp\/v2\/pages\/22153","targetHints":{"allow":["GET"]}}],"collection":[{"href":"https:\/\/deokairo.com\/ar\/wp-json\/wp\/v2\/pages"}],"about":[{"href":"https:\/\/deokairo.com\/ar\/wp-json\/wp\/v2\/types\/page"}],"author":[{"embeddable":true,"href":"https:\/\/deokairo.com\/ar\/wp-json\/wp\/v2\/users\/3"}],"replies":[{"embeddable":true,"href":"https:\/\/deokairo.com\/ar\/wp-json\/wp\/v2\/comments?post=22153"}],"version-history":[{"count":5,"href":"https:\/\/deokairo.com\/ar\/wp-json\/wp\/v2\/pages\/22153\/revisions"}],"predecessor-version":[{"id":23069,"href":"https:\/\/deokairo.com\/ar\/wp-json\/wp\/v2\/pages\/22153\/revisions\/23069"}],"up":[{"embeddable":true,"href":"https:\/\/deokairo.com\/ar\/wp-json\/wp\/v2\/pages\/21922"}],"wp:attachment":[{"href":"https:\/\/deokairo.com\/ar\/wp-json\/wp\/v2\/media?parent=22153"}],"curies":[{"name":"wp","href":"https:\/\/api.w.org\/{rel}","templated":true}]}}