{"id":29142,"date":"2024-04-16T13:32:26","date_gmt":"2024-04-16T11:32:26","guid":{"rendered":"https:\/\/deokairo.com\/startseite-4\/"},"modified":"2024-04-16T13:32:27","modified_gmt":"2024-04-16T11:32:27","slug":"startseite-4","status":"publish","type":"page","link":"https:\/\/deokairo.com\/ar\/startseite-4\/","title":{"rendered":"Startseite"},"content":{"rendered":"<div class=\"wpb-content-wrapper\"><h1>Startseite<\/h1><p>[vc_row css=&#8221;.vc_custom_1580646288478{margin-top: 0px !important;margin-bottom: 0px !important;padding-top: 0px !important;padding-bottom: 0px !important;}&#8221;][vc_column css=&#8221;.vc_custom_1580646276572{margin-top: 0px !important;margin-bottom: 0px !important;padding-top: 0px !important;padding-bottom: 0px !important;}&#8221;][rev_slider_vc alias=&#8221;homepage-2&#8243;][\/vc_column][\/vc_row][vc_row full_width=&#8221;stretch_row_content&#8221; css=&#8221;.vc_custom_1580646369294{margin-top: 0px !important;margin-bottom: 0px !important;padding-top: 0px !important;padding-bottom: 0px !important;background-color: #dddddd !important;}&#8221;][vc_column css=&#8221;.vc_custom_1580646375993{margin-top: 0px !important;margin-bottom: 0px !important;padding-top: 0px !important;padding-bottom: 0px !important;}&#8221;][news_ticker_multi][\/vc_column][\/vc_row][vc_row css=&#8221;.vc_custom_1589887931195{padding-top: 50px !important;padding-bottom: 100px !important;}&#8221;][vc_column][services_boxes_container][services_boxes services_box_position=&#8221;bottom&#8221; services_box_title=&#8221;BEGEGNUNG&#8221; services_box_content=&#8221;Die DEO Kairo entwickelt Schule als interkulturellen und interreligi\u00f6sen Begegnungs &#8211; und Lebensraum, in dem Lernen und Leben auf der Basis von Werten und Normen erm\u00f6glicht werden. Die DEO Kairo wirkt in das gesellschaftliche und kulturelle Umfeld.&#8221; services_box_image=&#8221;6134&#8243; services_box_content_bg_color=&#8221;#ed9947&#8243; services_box_content_text_color=&#8221;#0a0a0a&#8221; services_box_link=&#8221;url:%23|||&#8221; services_box_link_text=&#8221;mehr&#8221; services_box_link_text_less=&#8221;weniger&#8221; services_box_add_padding=&#8221;57px&#8221;][services_boxes services_box_position=&#8221;top&#8221; services_section_title=&#8221;true&#8221; services_box_content_bg_color=&#8221;#f7cb34&#8243; services_box_content_text_color=&#8221;#000000&#8243; services_box_link=&#8221;url:%23|||&#8221; services_box_title=&#8221;Leitbild der Schule&#8221;][services_boxes services_box_position=&#8221;bottom&#8221; services_box_title=&#8221;PARTIZIPATION UND SCHULENTWICKLUNG&#8221; services_box_content=&#8221;Die DEO Kairo pflegt ein offenes und lebendiges Miteinander. Kooperativer F\u00fchrungsstil, Teamarbeit, Fortbildungen und zeitgem\u00e4\u00dfes Schulmanagement entwickeln, f\u00f6rdern und sichern die Schulqualit\u00e4t. Mit der DEO Kairo gehen Eltern eine Erziehungspartnerschaft ein: Elternmitarbeit und Elternmitverantwortung sind willkommen und werden erwartet.&#8221; services_box_image=&#8221;6140&#8243; services_box_content_bg_color=&#8221;#0227f9&#8243; services_box_content_text_color=&#8221;#0a0a0a&#8221; services_box_link=&#8221;url:%23|||&#8221; services_box_link_text=&#8221;mehr&#8221; services_box_link_text_less=&#8221;weniger&#8221;][services_boxes services_box_position=&#8221;bottom&#8221; services_box_title=&#8221;BILDUNG&#8221; services_box_content=&#8221;Die DEO Kairo vermittelt eine zukunftsf\u00e4hige Bildung und zeitgem\u00e4\u00dfe Kenntnisse. Sie fordert und f\u00f6rdert mit sch\u00fclergerechten Unterrichts- und Erziehungsmethoden.&#8221; services_box_image=&#8221;6138&#8243; services_box_content_bg_color=&#8221;#0227f9&#8243; services_box_content_text_color=&#8221;#0a0a0a&#8221; services_box_link=&#8221;url:%23|||&#8221; services_box_link_text=&#8221;mehr&#8221; services_box_link_text_less=&#8221;weniger&#8221; services_box_add_padding=&#8221;30px&#8221;][services_boxes services_box_position=&#8221;top&#8221; services_box_title=&#8221;RELIGION UND SPIRITUALIT\u00c4T&#8221; services_box_content=&#8221;Die DEO Kairo pflegt \u00fcber den Schulgottesdienst hinaus ein spirituelles Leben, das Respekt, Toleranz und ein interreligi\u00f6ses Miteinander f\u00f6rdert, um die intellektuelle, kreative und religi\u00f6se Entwicklung zu unterst\u00fctzen.&#8221; services_box_content_bg_color=&#8221;#007536&#8243; services_box_content_text_color=&#8221;#0a0a0a&#8221; services_box_link=&#8221;url:%23|||&#8221; services_box_link_text=&#8221;mehr&#8221; services_box_link_text_less=&#8221;weniger&#8221; services_box_image=&#8221;6132&#8243;][services_boxes services_box_position=&#8221;bottom&#8221; services_box_title=&#8221;INDIVIDUUM UND GEMEINSCHAFT&#8221; services_box_content=&#8221;Die DEO Kairo bietet Raum f\u00fcr die Entfaltung der Pers\u00f6nlichkeit in der Gemeinschaft und pflegt ein Schul- und Lebensklima, in dem Sch\u00fclerinnen und Sch\u00fcler, Lehrkr\u00e4fte, Mitarbeiterinnen, Mitarbeiter und Eltern respektvoll miteinander umgehen und einander annehmen. Die DEO Kairo vermittelt Lebenskompetenzen und erzieht zu Dialog- und Konfliktf\u00e4higkeit, Zivilcourage und Verantwortungsbereitschaft f\u00fcr Gesellschaft und Umwelt.&#8221; services_box_image=&#8221;6136&#8243; services_box_content_bg_color=&#8221;#ed9947&#8243; services_box_content_text_color=&#8221;#0a0a0a&#8221; services_box_link=&#8221;url:%23|||&#8221; services_box_link_text=&#8221;mehr&#8221; services_box_link_text_less=&#8221;weniger&#8221;][\/services_boxes_container][\/vc_column][\/vc_row][vc_row full_width=&#8221;stretch_row&#8221; equal_height=&#8221;yes&#8221; content_placement=&#8221;middle&#8221; css=&#8221;.vc_custom_1574697244185{padding-top: 150px !important;padding-bottom: 150px !important;background-image: url(https:\/\/deokairo.com\/wp-content\/uploads\/2019\/09\/MG_3579_11.jpg?id=7539) !important;background-position: center !important;background-repeat: no-repeat !important;background-size: cover !important;}&#8221; el_class=&#8221;bg-section-padding-mobile bg-section-bg-mobile&#8221;][vc_column width=&#8221;1\/2&#8243;][vc_column_text]<\/p>\n<h3><span style=\"color: #ffffff;\">Unsere Sch\u00fclerinnen<\/span><br \/>\n<span style=\"color: #ffffff;\">und Sch\u00fcler<\/span><\/h3>\n<p><span style=\"color: #ffffff;\">k\u00f6nnen mit ihrem deutschen Abitur oder Fachabitur an deutschen Universit\u00e4ten und Hochschulen studieren. Jedes Jahr w\u00e4hlen viele Sch\u00fclerinnen der Abschlussklassen diesen Weg \u2013 und haben Erfolg.<\/span>[\/vc_column_text][vc_btn title=&#8221;Lesen Sie mehr&#8221; size=&#8221;lg&#8221; align=&#8221;left&#8221; link=&#8221;url:https%3A%2F%2Fdeokairo.com%2Far%2Fschulstruktur%2Fschulaufbau%2F|&#8221;][\/vc_column][vc_column width=&#8221;1\/2&#8243;][\/vc_column][\/vc_row][vc_row equal_height=&#8221;yes&#8221; content_placement=&#8221;middle&#8221; css=&#8221;.vc_custom_1583931340837{padding-top: 120px !important;padding-right: 15px !important;padding-left: 15px !important;}&#8221;][vc_column width=&#8221;1\/2&#8243; css=&#8221;.vc_custom_1670306411402{background-image: url(https:\/\/deokairo.com\/wp-content\/uploads\/2022\/12\/DEO-Lehrer-2022-4.jpg?id=21626) !important;background-position: center !important;background-repeat: no-repeat !important;background-size: cover !important;}&#8221; offset=&#8221;vc_hidden-sm vc_hidden-xs&#8221;][\/vc_column][vc_column width=&#8221;1\/2&#8243; css=&#8221;.vc_custom_1586117834596{padding-top: 100px !important;padding-right: 45px !important;padding-bottom: 100px !important;padding-left: 45px !important;background-color: #007536 !important;}&#8221; offset=&#8221;vc_hidden-sm vc_hidden-xs&#8221;][vc_column_text]<\/p>\n<h3><span style=\"color: #ffffff;\">Unsere Lehrerinnen und Lehrer<\/span><\/h3>\n<p>[\/vc_column_text][vc_btn title=&#8221;Lesen Sie mehr&#8221; size=&#8221;lg&#8221; align=&#8221;left&#8221; link=&#8221;url:https%3A%2F%2Fdeokairo.com%2Far%2Fkollegium%2F|title:Verwaltung|&#8221;][\/vc_column][\/vc_row][vc_row equal_height=&#8221;yes&#8221; content_placement=&#8221;middle&#8221; css=&#8221;.vc_custom_1586118262329{padding-top: 0px !important;padding-right: 15px !important;padding-bottom: 0px !important;padding-left: 15px !important;}&#8221;][vc_column css=&#8221;.vc_custom_1586118471297{margin-top: 0px !important;margin-right: 0px !important;margin-bottom: 0px !important;margin-left: 0px !important;padding-top: 0px !important;padding-bottom: 0px !important;background-color: #007536 !important;background-position: center !important;background-repeat: no-repeat !important;background-size: cover !important;}&#8221; offset=&#8221;vc_hidden-lg vc_hidden-md&#8221;][vc_single_image image=&#8221;21606&#8243; img_size=&#8221;large&#8221; css=&#8221;.vc_custom_1670264464320{margin-top: 0px !important;margin-right: -15px !important;margin-bottom: 0px !important;margin-left: -15px !important;padding-top: 0px !important;padding-right: 0px !important;padding-bottom: 0px !important;padding-left: 0px !important;}&#8221;][vc_column_text css=&#8221;.vc_custom_1586118642550{padding-top: 30px !important;padding-right: 15px !important;padding-left: 15px !important;}&#8221;]<\/p>\n<h3><span style=\"color: #ffffff;\">Unsere Lehrerinnen und Lehrer<\/span><\/h3>\n<p>[\/vc_column_text][vc_btn title=&#8221;Lesen Sie mehr&#8221; color=&#8221;warning&#8221; size=&#8221;lg&#8221; align=&#8221;left&#8221; link=&#8221;url:https%3A%2F%2Fdeokairo.com%2Far%2Fkollegium%2F|title:Verwaltung|&#8221; css=&#8221;.vc_custom_1586118707797{padding-right: 15px !important;padding-bottom: 15px !important;padding-left: 15px !important;}&#8221;][\/vc_column][\/vc_row][vc_row css=&#8221;.vc_custom_1579691548846{padding-top: 100px !important;padding-bottom: 50px !important;}&#8221;][vc_column][vc_column_text css=&#8221;.vc_custom_1579776799506{margin-bottom: 0px !important;padding-bottom: 30px !important;}&#8221;]<\/p>\n<h3 style=\"text-align: center;\">Partner und Sponsoren<\/h3>\n<p>[\/vc_column_text]<div id=\"ult-carousel-387141221069ded7ffd8dc1\" class=\"ult-carousel-wrapper   ult_horizontal\" data-gutter=\"15\" data-rtl=\"true\" ><div class=\"ult-carousel-421004223369ded7ffd8da5 \" >[vc_single_image image=&#8221;10204&#8243; img_size=&#8221;full&#8221; alignment=&#8221;center&#8221; onclick=&#8221;custom_link&#8221; img_link_target=&#8221;_blank&#8221; link=&#8221;https:\/\/www.goethe.de\/ins\/eg\/de\/index.html&#8221;][vc_single_image image=&#8221;6171&#8243; img_size=&#8221;full&#8221; alignment=&#8221;center&#8221; onclick=&#8221;custom_link&#8221; img_link_target=&#8221;_blank&#8221; link=&#8221;https:\/\/www.auslandsschulnetz.de\/wws\/home.php?sid=67697702390580908957977667766590&#8243;][vc_single_image image=&#8221;6165&#8243; img_size=&#8221;full&#8221; alignment=&#8221;center&#8221; onclick=&#8221;custom_link&#8221; img_link_target=&#8221;_blank&#8221; link=&#8221;https:\/\/www.daad.eg\/de\/&#8221;][vc_single_image image=&#8221;6163&#8243; img_size=&#8221;full&#8221; alignment=&#8221;center&#8221; onclick=&#8221;custom_link&#8221; img_link_target=&#8221;_blank&#8221; link=&#8221;https:\/\/www.dainst.org\/dai\/meldungen&#8221;][vc_single_image image=&#8221;6169&#8243; img_size=&#8221;full&#8221; alignment=&#8221;center&#8221; onclick=&#8221;custom_link&#8221; img_link_target=&#8221;_blank&#8221; link=&#8221;https:\/\/www.guc.edu.eg\/&#8221;][vc_single_image image=&#8221;6161&#8243; alignment=&#8221;center&#8221; onclick=&#8221;custom_link&#8221; img_link_target=&#8221;_blank&#8221; link=&#8221;https:\/\/www.orange.eg\/en\/&#8221;][vc_single_image image=&#8221;9021&#8243; img_size=&#8221;full&#8221; alignment=&#8221;center&#8221; onclick=&#8221;custom_link&#8221; img_link_target=&#8221;_blank&#8221; el_class=&#8221;fit-auto-80&#8243; link=&#8221;https:\/\/www.auslandsschulwesen.de\/Webs\/ZfA\/DE\/Home\/home_node.html&#8221;][vc_single_image image=&#8221;9019&#8243; img_size=&#8221;full&#8221; alignment=&#8221;center&#8221; onclick=&#8221;custom_link&#8221; img_link_target=&#8221;_blank&#8221; el_class=&#8221;fit-auto-80&#8243; link=&#8221;https:\/\/www.pasch-net.de\/de\/index.html&#8221;][vc_single_image image=&#8221;9017&#8243; img_size=&#8221;full&#8221; alignment=&#8221;center&#8221; onclick=&#8221;custom_link&#8221; img_link_target=&#8221;_blank&#8221; el_class=&#8221;fit-auto-80&#8243; link=&#8221;https:\/\/www.kmk.org\/&#8221;][vc_single_image image=&#8221;9015&#8243; img_size=&#8221;full&#8221; alignment=&#8221;center&#8221; onclick=&#8221;custom_link&#8221; img_link_target=&#8221;_blank&#8221; el_class=&#8221;fit-auto-80&#8243; link=&#8221;https:\/\/www.kmk.org\/presse\/pressearchiv\/mitteilung\/bundespraesident-wulff-unterschreibt-guetesiegel-exzellente-deutsche-auslandsschule.html&#8221;][vc_single_image image=&#8221;9013&#8243; img_size=&#8221;full&#8221; alignment=&#8221;center&#8221; onclick=&#8221;custom_link&#8221; img_link_target=&#8221;_blank&#8221; el_class=&#8221;fit-auto-80&#8243; link=&#8221;https:\/\/www.bdc.com.eg\/&#8221;]<\/div><\/div>\t\t\t<script type=\"text\/javascript\">\r\n\t\t\t\tjQuery(document).ready(function ($) {\r\n\t\t\t\t\tif( typeof jQuery('.ult-carousel-421004223369ded7ffd8da5').slick == \"function\"){\r\n\t\t\t\t\t\t$('.ult-carousel-421004223369ded7ffd8da5').slick({dots: false,autoplay: true,autoplaySpeed: 5000,speed: 300,infinite: true,arrows: false,slidesToScroll:1,slidesToShow:5,swipe: true,draggable: true,touchMove: true,rtl: true,pauseOnHover: false,pauseOnFocus: false,responsive: [\r\n\t\t\t\t\t\t\t{\r\n\t\t\t\t\t\t\t  breakpoint: 1026,\r\n\t\t\t\t\t\t\t  settings: {\r\n\t\t\t\t\t\t\t\tslidesToShow: 5,\r\n\t\t\t\t\t\t\t\tslidesToScroll: 1,  \r\n\t\t\t\t\t\t\t  }\r\n\t\t\t\t\t\t\t},\r\n\t\t\t\t\t\t\t{\r\n\t\t\t\t\t\t\t  breakpoint: 1025,\r\n\t\t\t\t\t\t\t  settings: {\r\n\t\t\t\t\t\t\t\tslidesToShow: 3,\r\n\t\t\t\t\t\t\t\tslidesToScroll: 1\r\n\t\t\t\t\t\t\t  }\r\n\t\t\t\t\t\t\t},\r\n\t\t\t\t\t\t\t{\r\n\t\t\t\t\t\t\t  breakpoint: 760,\r\n\t\t\t\t\t\t\t  settings: {\r\n\t\t\t\t\t\t\t\tslidesToShow: 2,\r\n\t\t\t\t\t\t\t\tslidesToScroll: 1\r\n\t\t\t\t\t\t\t  }\r\n\t\t\t\t\t\t\t}\r\n\t\t\t\t\t\t],pauseOnDotsHover: true,customPaging: function(slider, i) {\r\n                   return '<i type=\"button\" style= \"color:#333333;\" class=\"ultsl-record\" data-role=\"none\"><\/i>';\r\n                },});\r\n\t\t\t\t\t}\r\n\t\t\t\t});\r\n\t\t\t<\/script>\r\n\t\t\t[\/vc_column][\/vc_row]<\/p>\n<\/div>","protected":false},"excerpt":{"rendered":"<p>Startseite[vc_row css=&#8221;.vc_custom_1580646288478{margin-top: 0px !important;margin-bottom: 0px !important;padding-top: 0px !important;padding-bottom: 0px !important;}&#8221;][vc_column css=&#8221;.vc_custom_1580646276572{margin-top: 0px !important;margin-bottom: 0px !important;padding-top: 0px !important;padding-bottom: 0px !important;}&#8221;][rev_slider_vc alias=&#8221;homepage-2&#8243;][\/vc_column][\/vc_row][vc_row full_width=&#8221;stretch_row_content&#8221; css=&#8221;.vc_custom_1580646369294{margin-top: 0px !important;margin-bottom: 0px !important;padding-top: 0px !important;padding-bottom: 0px !important;background-color: #dddddd !important;}&#8221;][vc_column css=&#8221;.vc_custom_1580646375993{margin-top: 0px !important;margin-bottom: 0px !important;padding-top: 0px !important;padding-bottom: 0px !important;}&#8221;][news_ticker_multi][\/vc_column][\/vc_row][vc_row css=&#8221;.vc_custom_1589887931195{padding-top: 50px !important;padding-bottom: 100px !important;}&#8221;][vc_column][services_boxes_container][services_boxes services_box_position=&#8221;bottom&#8221; services_box_title=&#8221;BEGEGNUNG&#8221; services_box_content=&#8221;Die DEO Kairo entwickelt Schule als interkulturellen [&hellip;]<\/p>\n","protected":false},"author":1,"featured_media":0,"parent":0,"menu_order":300,"comment_status":"closed","ping_status":"closed","template":"","meta":{"footnotes":""},"class_list":["post-29142","page","type-page","status-publish","hentry"],"_links":{"self":[{"href":"https:\/\/deokairo.com\/ar\/wp-json\/wp\/v2\/pages\/29142","targetHints":{"allow":["GET"]}}],"collection":[{"href":"https:\/\/deokairo.com\/ar\/wp-json\/wp\/v2\/pages"}],"about":[{"href":"https:\/\/deokairo.com\/ar\/wp-json\/wp\/v2\/types\/page"}],"author":[{"embeddable":true,"href":"https:\/\/deokairo.com\/ar\/wp-json\/wp\/v2\/users\/1"}],"replies":[{"embeddable":true,"href":"https:\/\/deokairo.com\/ar\/wp-json\/wp\/v2\/comments?post=29142"}],"version-history":[{"count":3,"href":"https:\/\/deokairo.com\/ar\/wp-json\/wp\/v2\/pages\/29142\/revisions"}],"predecessor-version":[{"id":29145,"href":"https:\/\/deokairo.com\/ar\/wp-json\/wp\/v2\/pages\/29142\/revisions\/29145"}],"wp:attachment":[{"href":"https:\/\/deokairo.com\/ar\/wp-json\/wp\/v2\/media?parent=29142"}],"curies":[{"name":"wp","href":"https:\/\/api.w.org\/{rel}","templated":true}]}}