{"id":7739,"date":"2019-04-24T13:46:19","date_gmt":"2019-04-24T13:46:19","guid":{"rendered":"http:\/\/deokairo.com\/schulgemeinschaft\/schulausschuss\/kurzinfo-des-sas-vom-20-06-2019\/"},"modified":"2020-05-21T14:56:15","modified_gmt":"2020-05-21T14:56:15","slug":"kurzinfo-des-sas-vom-20-06-2019","status":"publish","type":"page","link":"https:\/\/deokairo.com\/ar\/schulgemeinschaft\/schulausschuss\/kurzinfo-des-sas-vom-20-06-2019\/","title":{"rendered":"Kurzinfo des SAS vom 20 06 2019"},"content":{"rendered":"<h1>Kurzinfo des SAS vom 20 06 2019<\/h1><h5>Themen aus der SAS-Sitzung vom 20.06.2019<\/h5>\n<p>Auf seiner heutigen Sitzung hat der Schulausschuss Herrn Thore Lohmann zum neuen Vorsitzenden und Frau May Abdel Asim zur neuen stellvertretenden Vorsitzenden gew\u00e4hlt. Der scheidende Vorsitzende, Herr Pfarrer Stefan El Karsheh, begl\u00fcckw\u00fcnscht den neuen Vorsitzenden und seine Stellevertreterin zur Wahl und w\u00fcnscht ihnen eine gute Hand in der F\u00fchrung der Schule in den kommenden Jahren.<\/p>\n<p>Der scheidende Vorsitzende informiert, dass die Gesch\u00e4ftsf\u00fchrer-Nachfolge nun mehr geregelt ist. Herr Kay Giersberg wird am 18. August 2019 seine Arbeit als Gesch\u00e4ftsf\u00fchrer an der DEO aufnehmen. Die Zeit bis zum 30. September soll dazu genutzt werden eine ordentliche \u00dcbergabe sicherzustellen. Dar\u00fcber hinaus soll im neuen Schuljahr Struktur und Prozesse des Kindergartenaufnahmeverfahrens auf den Pr\u00fcfstand gestellt werden.<\/p>\n<p>Auf Empfehlung des Personal- und Finanzausschusses beschlie\u00dft der Schulausschuss die Sommerarbeiten 2019. Ein Schwerpunkt liegt dabei auf Abschlussarbeiten im Neubau, damit ab 1. September 2019 der Schulbetrieb im Neubau aufgenommen werden kann.<\/p>\n<p>Der Bauausschuss berichtet, dass am 16.\/17. Juni 2019 der Prozess der \u00dcbernahme des Neubaus mit der Feststellung der M\u00e4ngel begonnen hat. Die Gestaltung der Korridore durch den K\u00fcnstler Malik Heilmann kommen gut voran.<br \/>\nDer Schulleiter berichtet unter anderem, dass das Ergebnis des diesj\u00e4hrigen Abiturs mit Blick auf den Notendurchschnitt vergleichbar ist mit dem des Vorjahres, das Fach Geschichte ab 2019\/20 voraussichtlich als weiteres schriftliches Abiturfach zugelassen wurde, das Jahrbuch 2017-19 fertiggestellt ist, der Sportaustausch mit Athen wieder aufgenommen wird, die Projekttage gut angelaufen und das Kindergarten-Sommerfest gut verlaufen ist. Dar\u00fcber hinaus soll zu Beginn des neuen Jahres ein Medienkonzept zum Umgang der Lehrer und Sch\u00fcler mit sozialen Medien entwickelt werden.<\/p>\n<p>Herzliche Gr\u00fc\u00dfe !<\/p>\n<p>Thore Lohmann<br \/>\nVorsitzender des Schulausschusses<br \/>\nR\u00fcckfragen bitte an VSAS@deokairo.de<\/p>\n<p>&nbsp;<\/p>\n","protected":false},"excerpt":{"rendered":"<p>Kurzinfo des SAS vom 20 06 2019Themen aus der SAS-Sitzung vom 20.06.2019 Auf seiner heutigen Sitzung hat der Schulausschuss Herrn Thore Lohmann zum neuen Vorsitzenden und Frau May Abdel Asim zur neuen stellvertretenden Vorsitzenden gew\u00e4hlt. Der scheidende Vorsitzende, Herr Pfarrer Stefan El Karsheh, begl\u00fcckw\u00fcnscht den neuen Vorsitzenden und seine Stellevertreterin zur Wahl und w\u00fcnscht ihnen [&hellip;]<\/p>\n","protected":false},"author":1,"featured_media":0,"parent":7735,"menu_order":240,"comment_status":"closed","ping_status":"closed","template":"","meta":{"footnotes":""},"class_list":["post-7739","page","type-page","status-publish","hentry"],"_links":{"self":[{"href":"https:\/\/deokairo.com\/ar\/wp-json\/wp\/v2\/pages\/7739","targetHints":{"allow":["GET"]}}],"collection":[{"href":"https:\/\/deokairo.com\/ar\/wp-json\/wp\/v2\/pages"}],"about":[{"href":"https:\/\/deokairo.com\/ar\/wp-json\/wp\/v2\/types\/page"}],"author":[{"embeddable":true,"href":"https:\/\/deokairo.com\/ar\/wp-json\/wp\/v2\/users\/1"}],"replies":[{"embeddable":true,"href":"https:\/\/deokairo.com\/ar\/wp-json\/wp\/v2\/comments?post=7739"}],"version-history":[{"count":1,"href":"https:\/\/deokairo.com\/ar\/wp-json\/wp\/v2\/pages\/7739\/revisions"}],"predecessor-version":[{"id":11459,"href":"https:\/\/deokairo.com\/ar\/wp-json\/wp\/v2\/pages\/7739\/revisions\/11459"}],"up":[{"embeddable":true,"href":"https:\/\/deokairo.com\/ar\/wp-json\/wp\/v2\/pages\/7735"}],"wp:attachment":[{"href":"https:\/\/deokairo.com\/ar\/wp-json\/wp\/v2\/media?parent=7739"}],"curies":[{"name":"wp","href":"https:\/\/api.w.org\/{rel}","templated":true}]}}