{"id":7740,"date":"2019-04-24T13:47:16","date_gmt":"2019-04-24T13:47:16","guid":{"rendered":"http:\/\/deokairo.com\/schulgemeinschaft\/schulausschuss\/kurzinfo-des-sas-vom-21-03-2019\/"},"modified":"2020-05-21T14:56:10","modified_gmt":"2020-05-21T14:56:10","slug":"kurzinfo-des-sas-vom-21-03-2019","status":"publish","type":"page","link":"https:\/\/deokairo.com\/ar\/schulgemeinschaft\/schulausschuss\/kurzinfo-des-sas-vom-21-03-2019\/","title":{"rendered":"Kurzinfo des SAS vom 21.03.2019"},"content":{"rendered":"<h1>Kurzinfo des SAS vom 21.03.2019<\/h1><h5>Themen aus der SAS-Sitzung vom 21.03.2019<\/h5>\n<p>Der Vorsitzende informiert, dass sich zwei der drei Gesch\u00e4ftsf\u00fchrer-Kandidaten bereits in der Kirchengemeinde und an der DEO vorgestellt haben. Der dritte Kandidat werde am 1. April 2019 zum Vorstellungsgespr\u00e4ch nach Kairo anreisen. Die Neubesetzung der Stelle des Gesch\u00e4ftsf\u00fchrers sei f\u00fcr den 1. Juli 2019 vorgesehen.<br \/>\nDer Bauausschuss berichtet, dass das Bauunternehmen alle Klassenr\u00e4ume fertiggestellt habe und damit sei die Bauma\u00dfnahme in ihre Schlussphase eingetreten mit \u00dcberpr\u00fcfung des Neubaus auf Qualit\u00e4tsm\u00e4ngel durch Architekt und Bauherrn. Bei der erforderlich gewordenen Neuausschreibung der Gestaltung der Westfassade des Neubaus st\u00fcnden derzeit zwei Anbieter in der engeren Auswahl.<br \/>\nDer Schulleiter informiert unter anderem, dass am Wochenende die Regionale Netzwerktagung der Zentralstelle f\u00fcr Auslandsschulwesen zum Thema \u201eBildung in einer digitalisierten Welt\u201c in Kairo stattfinde und, dass aufgrund gesetzlicher Vorgaben mehrere Mitarbeiter mit Einschr\u00e4nkungen p\u00e4dagogisch begleitet an der Schule integriert werden sollen.<br \/>\nDer Gesch\u00e4ftsf\u00fchrer berichtet, dass der Jahresabschluss f\u00fcr das Schuljahr 2017\/18 das Testat des Wirtschaftspr\u00fcfers erhalten habe. Das Schuljahr habe aufgrund des Neubauvorhabens mit einem Verlust abgeschlossen, der jedoch durch die Aufl\u00f6sung von Baur\u00fccklagen abgedeckt werden k\u00f6nne.<br \/>\nDie Vertreterin der Botschaft berichtet \u00fcber den bevorstehenden Besuch des \u00c4gyptischen Erziehungsministers in Berlin, bei dem unter anderem auch Fragen des bilateralen Kulturabkommens angesprochen werden sollen.<\/p>\n<p>Herzliche Gr\u00fc\u00dfe !<\/p>\n<p>Pastor Stefan El Karsheh<br \/>\nVorsitzender des Schulausschusses<br \/>\nR\u00fcckfragen bitte an Stefan.ElKarsheh@deokairo.de<\/p>\n<p>&nbsp;<\/p>\n","protected":false},"excerpt":{"rendered":"<p>Kurzinfo des SAS vom 21.03.2019Themen aus der SAS-Sitzung vom 21.03.2019 Der Vorsitzende informiert, dass sich zwei der drei Gesch\u00e4ftsf\u00fchrer-Kandidaten bereits in der Kirchengemeinde und an der DEO vorgestellt haben. Der dritte Kandidat werde am 1. April 2019 zum Vorstellungsgespr\u00e4ch nach Kairo anreisen. Die Neubesetzung der Stelle des Gesch\u00e4ftsf\u00fchrers sei f\u00fcr den 1. Juli 2019 vorgesehen. [&hellip;]<\/p>\n","protected":false},"author":1,"featured_media":0,"parent":7735,"menu_order":239,"comment_status":"closed","ping_status":"closed","template":"","meta":{"footnotes":""},"class_list":["post-7740","page","type-page","status-publish","hentry"],"_links":{"self":[{"href":"https:\/\/deokairo.com\/ar\/wp-json\/wp\/v2\/pages\/7740","targetHints":{"allow":["GET"]}}],"collection":[{"href":"https:\/\/deokairo.com\/ar\/wp-json\/wp\/v2\/pages"}],"about":[{"href":"https:\/\/deokairo.com\/ar\/wp-json\/wp\/v2\/types\/page"}],"author":[{"embeddable":true,"href":"https:\/\/deokairo.com\/ar\/wp-json\/wp\/v2\/users\/1"}],"replies":[{"embeddable":true,"href":"https:\/\/deokairo.com\/ar\/wp-json\/wp\/v2\/comments?post=7740"}],"version-history":[{"count":1,"href":"https:\/\/deokairo.com\/ar\/wp-json\/wp\/v2\/pages\/7740\/revisions"}],"predecessor-version":[{"id":11458,"href":"https:\/\/deokairo.com\/ar\/wp-json\/wp\/v2\/pages\/7740\/revisions\/11458"}],"up":[{"embeddable":true,"href":"https:\/\/deokairo.com\/ar\/wp-json\/wp\/v2\/pages\/7735"}],"wp:attachment":[{"href":"https:\/\/deokairo.com\/ar\/wp-json\/wp\/v2\/media?parent=7740"}],"curies":[{"name":"wp","href":"https:\/\/api.w.org\/{rel}","templated":true}]}}