{"id":7741,"date":"2019-08-19T14:03:32","date_gmt":"2019-08-19T14:03:32","guid":{"rendered":"http:\/\/deokairo.com\/schulgemeinschaft\/schulausschuss\/kurzinfo-des-sas-vom-23-05-2019\/"},"modified":"2020-05-21T14:56:02","modified_gmt":"2020-05-21T14:56:02","slug":"kurzinfo-des-sas-vom-23-05-2019","status":"publish","type":"page","link":"https:\/\/deokairo.com\/ar\/schulgemeinschaft\/schulausschuss\/kurzinfo-des-sas-vom-23-05-2019\/","title":{"rendered":"Kurzinfo des SAS vom 23.05.2019"},"content":{"rendered":"<div class=\"wpb-content-wrapper\"><h1>Kurzinfo des SAS vom 23.05.2019<\/h1><p>[vc_row][vc_column][vc_column_text]<\/p>\n<h5>Themen aus der SAS-Sitzung vom 18.04.2019<\/h5>\n<p>Der Vorsitzende informiert, dass aufgrund der erneuten Ausschreibung der Stelle des Gesch\u00e4ftsf\u00fchrers\/der Gesch\u00e4ftsf\u00fchrerin zwei potenzielle Gesch\u00e4ftsf\u00fchrerkandidaten zu Vorstellungsgespr\u00e4chen nach Kairo eingeladen wurden. Nach dem Abschluss der Vorstellungsgespr\u00e4che soll kurzfristig eine Entscheidung getroffen werden. Der Schulausschuss nahm mit Bedauern die Vorg\u00e4nge des Abiturjahrgangs (Abistreiche) zur Kenntnis.<\/p>\n<p>Auf Empfehlung des Personal- und Finanzausschusses beschlie\u00dft der Schulausschuss wegen der Nachfragenentwicklung im Busbetrieb die Einrichtung einer weiteren Bustour im Bereich um Palm Hills. Mit Blick auf die Doppelspitze an der DEO &#8211; mit Schulleiter und Gesch\u00e4ftsf\u00fchrer &#8211; wurden die Organigramme des p\u00e4dagogischen und nichtp\u00e4dagogischen Bereichs sowie das Organigramm der Gesamtstruktur der DEO \u00fcberarbeitet und beschlossen.<\/p>\n<p>Der Bauausschuss berichtet, dass die Bauma\u00dfnahme Oberstufen-Neubau nun mehr kurz vor dem Abschluss stehe. Die M\u00e4ngel im Bereich Erdgeschoss, Au\u00dfenbereich sowie Dachgeschoss sollen Ende Mai festgestellt und kurzfristig behoben werden. Der K\u00fcnstler Malik Heilmann habe mit der Ausf\u00fchrung der Gestaltung der Korridore begonnen.<\/p>\n<p>Auf Einladung des Schul- und Entwicklungsausschusses erl\u00e4uterte ein Experte aus Deutschland anhand einer Power Point Pr\u00e4sentation die M\u00f6glichkeiten der Einf\u00fchrung eines \u201eUnterrichtsfachs Technik\u201c. Der Schulausschuss sprach sich f\u00fcr die Weiterverfolgung dieses Themas aus.<\/p>\n<p>Der stellvertretende Schulleiter informierte, dass das m\u00fcndliche Abitur gut verlief, allerdings mehr Sch\u00fcler\/innen als im Vorjahr das Schulziel Abitur nicht erreichten.<\/p>\n<p>Herzliche Gr\u00fc\u00dfe !<\/p>\n<p>Pastor Stefan El Karsheh<br \/>\nVorsitzender des Schulausschusses<br \/>\nR\u00fcckfragen bitte an Stefan.ElKarsheh@deokairo.de[\/vc_column_text][\/vc_column][\/vc_row]<\/p>\n<\/div>","protected":false},"excerpt":{"rendered":"<p>Kurzinfo des SAS vom 23.05.2019[vc_row][vc_column][vc_column_text] Themen aus der SAS-Sitzung vom 18.04.2019 Der Vorsitzende informiert, dass aufgrund der erneuten Ausschreibung der Stelle des Gesch\u00e4ftsf\u00fchrers\/der Gesch\u00e4ftsf\u00fchrerin zwei potenzielle Gesch\u00e4ftsf\u00fchrerkandidaten zu Vorstellungsgespr\u00e4chen nach Kairo eingeladen wurden. Nach dem Abschluss der Vorstellungsgespr\u00e4che soll kurzfristig eine Entscheidung getroffen werden. Der Schulausschuss nahm mit Bedauern die Vorg\u00e4nge des Abiturjahrgangs (Abistreiche) zur [&hellip;]<\/p>\n","protected":false},"author":1,"featured_media":0,"parent":7735,"menu_order":165,"comment_status":"closed","ping_status":"closed","template":"","meta":{"footnotes":""},"class_list":["post-7741","page","type-page","status-publish","hentry"],"_links":{"self":[{"href":"https:\/\/deokairo.com\/ar\/wp-json\/wp\/v2\/pages\/7741","targetHints":{"allow":["GET"]}}],"collection":[{"href":"https:\/\/deokairo.com\/ar\/wp-json\/wp\/v2\/pages"}],"about":[{"href":"https:\/\/deokairo.com\/ar\/wp-json\/wp\/v2\/types\/page"}],"author":[{"embeddable":true,"href":"https:\/\/deokairo.com\/ar\/wp-json\/wp\/v2\/users\/1"}],"replies":[{"embeddable":true,"href":"https:\/\/deokairo.com\/ar\/wp-json\/wp\/v2\/comments?post=7741"}],"version-history":[{"count":3,"href":"https:\/\/deokairo.com\/ar\/wp-json\/wp\/v2\/pages\/7741\/revisions"}],"predecessor-version":[{"id":11457,"href":"https:\/\/deokairo.com\/ar\/wp-json\/wp\/v2\/pages\/7741\/revisions\/11457"}],"up":[{"embeddable":true,"href":"https:\/\/deokairo.com\/ar\/wp-json\/wp\/v2\/pages\/7735"}],"wp:attachment":[{"href":"https:\/\/deokairo.com\/ar\/wp-json\/wp\/v2\/media?parent=7741"}],"curies":[{"name":"wp","href":"https:\/\/api.w.org\/{rel}","templated":true}]}}