{"id":7745,"date":"2019-08-19T14:06:30","date_gmt":"2019-08-19T14:06:30","guid":{"rendered":"http:\/\/deokairo.com\/schulgemeinschaft\/schulausschuss\/kurzinfo-des-sas-vom-31-01-2019\/"},"modified":"2020-05-21T14:55:53","modified_gmt":"2020-05-21T14:55:53","slug":"kurzinfo-des-sas-vom-31-01-2019","status":"publish","type":"page","link":"https:\/\/deokairo.com\/ar\/schulgemeinschaft\/schulausschuss\/kurzinfo-des-sas-vom-31-01-2019\/","title":{"rendered":"Kurzinfo des SAS vom 31.01.2019"},"content":{"rendered":"<div class=\"wpb-content-wrapper\"><h1>Kurzinfo des SAS vom 31.01.2019<\/h1><p>[vc_row][vc_column][vc_column_text]<\/p>\n<h5>Themen aus der SAS-Sitzung vom 31.01.2019<\/h5>\n<p>Der Vorsitzende informiert \u00fcber den Stand der Nachbesetzung des im Sommer scheidenden Gesch\u00e4ftsf\u00fchrers und \u00fcber den Stand der Suche f\u00fcr seine eigene Nachfolge in der Kirchengemeinde zum Schuljahresende. Ein Bewerber wird sich am 15.02., 10.00 Uhr, im Rahmen eines Gottesdienstes in der Kirche in Boulaq und am 18.02.2019 in der DEO vorstellen.<\/p>\n<p>Der Bauausschuss informiert, dass u.a. aufgrund von Lieferverz\u00f6gerungen die Baufertigstellung voraussichtlich auf Ende M\u00e4rz 2019 verz\u00f6gern wird. Diese Zeit wird genutzt zur Gestaltung der Flure durch den K\u00fcnstler Malik Heilmann. Die Gestaltung der Westfassade durch das Bauunternehmen wurde aufgrund eines v\u00f6llig inakzeptablen Musters abgelehnt. Derzeit wird ein Ersatzanbieter gesucht.<\/p>\n<p>Der Schulentwicklungsausschuss (SENTA) hat im Dezember zum Thema \u201eBildung in einer digitalisierten Welt\u201c ein Konzeptpapier beraten.<\/p>\n<p>Der Schulleiter informiert unter anderem, dass die Lehreraquise in Deutschland sehr erfolgreich verlaufen sei, eine Gruppe von Sch\u00fclern zum Regionalwettbewerb \u201eJugend musiziert\u201c nach Athen reisen wird, der Sportaustausch mit Athen wieder aufgenommen werden soll und der P\u00e4dagogische Tag unter dem Motto \u201eBinnendifferenzie-rung\u201c gestanden habe.<\/p>\n<p>Der Gesch\u00e4ftsf\u00fchrer berichtet, dass die bundeseigene Liegenschaft der Schule einschlie\u00dflich des Neubauprojektes Ende Januar im Rahmen der j\u00e4hrlichen Begehung durch einen Vertreter der Deutschen Botschaft Kairo inspiziert worden sei.<\/p>\n<p>Herzliche Gr\u00fc\u00dfe !<\/p>\n<p>Pastor Stefan El Karsheh<br \/>\nVorsitzender des Schulausschusses<br \/>\nR\u00fcckfragen bitte an Stefan.ElKarsheh@deokairo.de[\/vc_column_text][\/vc_column][\/vc_row]<\/p>\n<\/div>","protected":false},"excerpt":{"rendered":"<p>Kurzinfo des SAS vom 31.01.2019[vc_row][vc_column][vc_column_text] Themen aus der SAS-Sitzung vom 31.01.2019 Der Vorsitzende informiert \u00fcber den Stand der Nachbesetzung des im Sommer scheidenden Gesch\u00e4ftsf\u00fchrers und \u00fcber den Stand der Suche f\u00fcr seine eigene Nachfolge in der Kirchengemeinde zum Schuljahresende. Ein Bewerber wird sich am 15.02., 10.00 Uhr, im Rahmen eines Gottesdienstes in der Kirche in [&hellip;]<\/p>\n","protected":false},"author":1,"featured_media":0,"parent":7735,"menu_order":161,"comment_status":"closed","ping_status":"closed","template":"","meta":{"footnotes":""},"class_list":["post-7745","page","type-page","status-publish","hentry"],"_links":{"self":[{"href":"https:\/\/deokairo.com\/ar\/wp-json\/wp\/v2\/pages\/7745","targetHints":{"allow":["GET"]}}],"collection":[{"href":"https:\/\/deokairo.com\/ar\/wp-json\/wp\/v2\/pages"}],"about":[{"href":"https:\/\/deokairo.com\/ar\/wp-json\/wp\/v2\/types\/page"}],"author":[{"embeddable":true,"href":"https:\/\/deokairo.com\/ar\/wp-json\/wp\/v2\/users\/1"}],"replies":[{"embeddable":true,"href":"https:\/\/deokairo.com\/ar\/wp-json\/wp\/v2\/comments?post=7745"}],"version-history":[{"count":3,"href":"https:\/\/deokairo.com\/ar\/wp-json\/wp\/v2\/pages\/7745\/revisions"}],"predecessor-version":[{"id":11453,"href":"https:\/\/deokairo.com\/ar\/wp-json\/wp\/v2\/pages\/7745\/revisions\/11453"}],"up":[{"embeddable":true,"href":"https:\/\/deokairo.com\/ar\/wp-json\/wp\/v2\/pages\/7735"}],"wp:attachment":[{"href":"https:\/\/deokairo.com\/ar\/wp-json\/wp\/v2\/media?parent=7745"}],"curies":[{"name":"wp","href":"https:\/\/api.w.org\/{rel}","templated":true}]}}